{"id":200,"date":"2023-07-07T10:26:34","date_gmt":"2023-07-07T10:26:34","guid":{"rendered":"http:\/\/www.kurka-bajdurka.pl\/?page_id=200"},"modified":"2023-07-24T21:51:06","modified_gmt":"2023-07-24T21:51:06","slug":"gra-memory","status":"publish","type":"page","link":"http:\/\/www.kurka-bajdurka.pl\/index.php\/gra-memory\/","title":{"rendered":"Gra memory"},"content":{"rendered":"\n<p><strong>Kooo-, koochani, gotowi na zabaw\u0119?<\/strong><\/p>\n\n\n\n<p>Je\u015bli jeste\u015bcie fanami&nbsp;<a href=\"http:\/\/www.kurka-bajdurka.pl\/index.php\/kurka-bajdurka\/\" data-type=\"URL\" data-id=\"http:\/\/www.kurka-bajdurka.pl\/index.php\/kurka-bajdurka\/\" target=\"_blank\" rel=\"noreferrer noopener\">Kurki Bajdurki<\/a>, to nie mo\u017cecie przej\u015b\u0107 oboj\u0119tnie obok gry&nbsp;<strong>\u201eKurka Bajdurka \u2013 memo\u201d<\/strong>! Mamy dla Was a\u017c&nbsp;<strong>32 por\u0119czne karty<\/strong>&nbsp;do gry, kt\u00f3re \u0142\u0105cz\u0105 si\u0119 w<strong>&nbsp;16 par<\/strong>&nbsp;opatrzonych cudownymi ilustracjami Nikoli Hahn.<\/p>\n\n\n\n<p>To wspania\u0142a gra dla ca\u0142ej rodziny, kt\u00f3ra pomo\u017ce Twojemu dziecku \u0107wiczy\u0107 m.in.:<\/p>\n\n\n\n<p><strong>&#8211; pami\u0119\u0107<\/strong><\/p>\n\n\n\n<p><strong>&#8211; logiczne my\u015blenie<\/strong><\/p>\n\n\n\n<p><strong>&#8211; koncentracj\u0119<\/strong><\/p>\n\n\n\n<p><strong>Czy wiesz, \u017ce&#8230;<\/strong><\/p>\n\n\n\n<p>Tworz\u0105c &#8222;Kurk\u0119 Bajdurk\u0119 &#8211; memo&#8221; zadbali\u015bmy tak\u017ce o to, aby karty do gry mie\u015bci\u0142y si\u0119 idealnie<strong>&nbsp;w ma\u0142ych r\u0105czkach&nbsp;<\/strong>naszych graczy :).<\/p>\n\n\n\n<p>Kartoniki maj\u0105 por\u0119czny wymiar&nbsp;<strong>6&#215;6 cm<\/strong>, co sprawia, \u017ce z \u0142atwo\u015bci\u0105 chwytaj\u0105 je&nbsp;nawet&nbsp;maluszki. S\u0105 te\u017c odpowiednio grube, dlatego&nbsp;swobodnie mo\u017cna nimi manewrowa\u0107.<\/p>\n\n\n\n<div class=\"wp-block-media-text alignwide is-stacked-on-mobile\" style=\"grid-template-columns:36% auto\"><figure class=\"wp-block-media-text__media\"><img loading=\"lazy\" decoding=\"async\" width=\"677\" height=\"1024\" src=\"http:\/\/www.kurka-bajdurka.pl\/wp-content\/uploads\/2023\/07\/karty-i-pudelko-677x1024.jpg\" alt=\"\" class=\"wp-image-205 size-full\" srcset=\"http:\/\/www.kurka-bajdurka.pl\/wp-content\/uploads\/2023\/07\/karty-i-pudelko-677x1024.jpg 677w, http:\/\/www.kurka-bajdurka.pl\/wp-content\/uploads\/2023\/07\/karty-i-pudelko-198x300.jpg 198w, http:\/\/www.kurka-bajdurka.pl\/wp-content\/uploads\/2023\/07\/karty-i-pudelko-768x1162.jpg 768w, http:\/\/www.kurka-bajdurka.pl\/wp-content\/uploads\/2023\/07\/karty-i-pudelko-1016x1536.jpg 1016w, http:\/\/www.kurka-bajdurka.pl\/wp-content\/uploads\/2023\/07\/karty-i-pudelko-1354x2048.jpg 1354w, http:\/\/www.kurka-bajdurka.pl\/wp-content\/uploads\/2023\/07\/karty-i-pudelko-scaled.jpg 1693w\" sizes=\"auto, (max-width: 677px) 100vw, 677px\" \/><\/figure><div class=\"wp-block-media-text__content\">\n<p><\/p>\n\n\n\n<p><strong>Dla kogo?<\/strong><\/p>\n\n\n\n<p>Dla dzieci w wieku&nbsp;<strong>3+ i 6+<\/strong><\/p>\n\n\n\n<p>Ale\u2026 tak naprawd\u0119 dla ka\u017cdego :).&nbsp;Podstawowe zasady&nbsp;z powodzeniem opanuj\u0105 dzieci powy\u017cej 3 roku \u017cycia. A dzi\u0119ki wprowadzeniu du\u017cej ilo\u015bci par oraz a\u017c trzech sposob\u00f3w gry, przyjemno\u015b\u0107 z zabawy odnajd\u0105 tak\u017ce 6 latki. To&nbsp;<strong>uniwersalna gra<\/strong>, kt\u00f3ra zaanga\u017cuje tak naprawd\u0119&nbsp;<strong>ca\u0142\u0105 rodzin\u0119<\/strong>&nbsp;w d\u0142uuuugie rozgrywki &#8211; wiemy z do\u015bwiadczenia :)!<\/p>\n\n\n\n<p>Je\u015bli zastanawiasz si\u0119, czy \u201eKurka Bajdurka &#8211; memo\u201d jest odpowiednia dla&nbsp;<strong>m\u0142odszych dzieci<\/strong>, to odpowied\u017a brzmi TAK :)! One r\u00f3wnie\u017c mog\u0105 \u015bmia\u0142o pr\u00f3bowa\u0107 swoich si\u0142.<\/p>\n\n\n\n<p>Dobrym pomys\u0142em na wprowadzenie w \u015bwiat gry b\u0119dzie&nbsp;<strong>odszukiwanie par bez ukrywania ilustracji<\/strong>. Roz\u0142\u00f3\u017ccie wi\u0119c karty do gry tak, aby by\u0142o wida\u0107 wszystkie obrazki, a nast\u0119pnie spr\u00f3bujcie odnale\u017a\u0107 pasuj\u0105ce do siebie pary. Na start mo\u017cecie wybra\u0107 tylko kilka z nich.<\/p>\n\n\n\n<p>Je\u015bli zauwa\u017cysz, \u017ce dziecko jest gotowe, odwr\u00f3\u0107 karty ilustracjami do ziemi i rozpocznij zabaw\u0119 w klasyczne memory :).<\/p>\n<\/div><\/div>\n\n\n\n<p><strong>Bawcie si\u0119 z Kurk\u0105 Bajdurk\u0105 na 3 r\u00f3\u017cne sposoby!<\/strong><\/p>\n\n\n\n<p><strong>Odszukajcie pary<\/strong>&nbsp;&#8211; klasyka memory :). Trenujcie w ten spos\u00f3b&nbsp;pami\u0119\u0107, logiczne my\u015blenie i koordynacj\u0119 oko-r\u0119ka.<\/p>\n\n\n\n<p><strong>Znajd\u017acie r\u00f3\u017cnic\u0119<\/strong>&nbsp;&#8211; w\u015br\u00f3d par s\u0105 ukryte r\u00f3\u017cnice (po jednym szczeg\u00f3le na par\u0119). Zdo\u0142acie je odnale\u017a\u0107 :)? \u0106wiczcie&nbsp;spostrzegawczo\u015b\u0107 i koncentracj\u0119.<\/p>\n\n\n\n<p><strong>U\u0142\u00f3\u017ccie historyjk\u0119<\/strong>&nbsp;&#8211; rozwijaj u dziecka&nbsp;umiej\u0119tno\u015b\u0107 opowiadania&nbsp;(relacje przyczyna &#8211; skutek oraz kolejno\u015b\u0107 wydarze\u0144). Pomo\u017ce Wam w tym tak\u017ce fabu\u0142a ksi\u0105\u017cki&nbsp;<a href=\"http:\/\/www.kurka-bajdurka.pl\/index.php\/kurka-bajdurka\/\" data-type=\"URL\" data-id=\"http:\/\/www.kurka-bajdurka.pl\/index.php\/kurka-bajdurka\/\" target=\"_blank\" rel=\"noreferrer noopener\">\u201eKurka Bajdujrka &#8211; \u015anieg, sanki i\u2026 dinozaury\u201d<\/a>.<\/p>\n\n\n\n<div class=\"wp-block-media-text alignwide has-media-on-the-right is-stacked-on-mobile\" style=\"grid-template-columns:auto 35%\"><div class=\"wp-block-media-text__content\">\n<p><\/p>\n\n\n\n<p><strong>Poznaj przygod\u0119 Kurki Bajdurki i uk\u0142adaj, opowiadaj\u0105c j\u0105 wraz z dzieckiem<\/strong><\/p>\n\n\n\n<p>Poniewa\u017c dobrze wiemy, \u017ce dzieci w wieku przedszkolnym maj\u0105 cz\u0119sto&nbsp;<strong>trudno\u015bci z opowiadaniem<\/strong>, postanowili\u015bmy wprowadzi\u0107 jeszcze jeden element gry, kt\u00f3ry u\u0142atwi nieco prac\u0119 nad swobodnym wypowiadaniem si\u0119&nbsp;Waszych maluch\u00f3w.<\/p>\n\n\n\n<p>Przedszkolaki bardzo cz\u0119sto m\u00f3wi\u0105 w spos\u00f3b&nbsp;<strong>chaotyczny<\/strong>, nie dbaj\u0105c o&nbsp;<strong>kolejno\u015b\u0107 wydarze\u0144<\/strong>&nbsp;czy&nbsp;<strong>zwi\u0105zki przyczynowo-skutkowe<\/strong>. Dlatego te\u017c &#8222;Kurka Bajdurka &#8211; memo&#8221;&nbsp;nie tylko bawi, ale i uczy.&nbsp;<strong>Trenuj<\/strong>&nbsp;wi\u0119c ze swoim dzieckiem&nbsp;<strong>poprzez uk\u0142adanie prostej historii<\/strong>.<\/p>\n\n\n\n<p>Trzymamy kciuki, by przygoda Kurki Bajdurki i Myszatego sta\u0142a si\u0119 znakomitym pretekstem do tego typu \u0107wicze\u0144.<\/p>\n<\/div><figure class=\"wp-block-media-text__media\"><img loading=\"lazy\" decoding=\"async\" width=\"676\" height=\"1024\" src=\"http:\/\/www.kurka-bajdurka.pl\/wp-content\/uploads\/2023\/07\/karty-rewers-2_small-676x1024.jpg\" alt=\"\" class=\"wp-image-206 size-full\" srcset=\"http:\/\/www.kurka-bajdurka.pl\/wp-content\/uploads\/2023\/07\/karty-rewers-2_small-676x1024.jpg 676w, http:\/\/www.kurka-bajdurka.pl\/wp-content\/uploads\/2023\/07\/karty-rewers-2_small-198x300.jpg 198w, http:\/\/www.kurka-bajdurka.pl\/wp-content\/uploads\/2023\/07\/karty-rewers-2_small-768x1164.jpg 768w, http:\/\/www.kurka-bajdurka.pl\/wp-content\/uploads\/2023\/07\/karty-rewers-2_small-1013x1536.jpg 1013w, http:\/\/www.kurka-bajdurka.pl\/wp-content\/uploads\/2023\/07\/karty-rewers-2_small.jpg 1016w\" sizes=\"auto, (max-width: 676px) 100vw, 676px\" \/><\/figure><\/div>\n\n\n\n<p><\/p>\n\n\n\n<p><strong>Przyk\u0142adowy tekst do \u0107wiczenia przygody Kurki Bajdurki:<\/strong><\/p>\n\n\n\n<p><em>Kurka Bajdurka i Myszaty&nbsp;to&nbsp;para najlepszych przyjaci\u00f3\u0142.<\/em><\/p>\n\n\n\n<p><em>Pewnego razu Kurka ju\u017c z&nbsp;samego rana postanowi\u0142a odwiedzi\u0107&nbsp;Myszatego. Razem wybrali si\u0119&nbsp;na spacer, podczas kt\u00f3rego trafili na niecodzienne znalezisko.<\/em><\/p>\n\n\n\n<p><em>Zastanawiali si\u0119, do kogo mog\u0142a nale\u017ce\u0107 tak wielka skorupa. Mo\u017ce&nbsp;do kury, emu lub jakiego\u015b prehistorycznego ptaka \u2013 np. mamutaka\u2026<\/em><\/p>\n\n\n\n<p><em>A mo\u017ce by\u0142o to jajo dinozaura? W ko\u0144cu Kurka Bajdurka zna si\u0119 na nich jak ma\u0142o kto. Kury to potomkowie dinozaur\u00f3w i dalekie kuzynki tyranozaur\u00f3w :).<\/em><\/p>\n\n\n\n<p><em>I gdy tak g\u0142o\u015bno rozmy\u015blali czyje to jajo, us\u0142yszeli witaj\u0105cego si\u0119 z&nbsp;nimi psa Wicka.<\/em><\/p>\n\n\n\n<p><em>&#8211; Hej! To\u017c to skorupa dyni! \u2013 powiedzia\u0142.<\/em><\/p>\n\n\n\n<p><em>Wszyscy g\u0142o\u015bno si\u0119 roze\u015bmiali.<\/em><\/p>\n\n\n\n<div class=\"wp-block-media-text alignwide is-stacked-on-mobile\" style=\"grid-template-columns:25% auto\"><figure class=\"wp-block-media-text__media\"><img loading=\"lazy\" decoding=\"async\" width=\"675\" height=\"1024\" src=\"http:\/\/www.kurka-bajdurka.pl\/wp-content\/uploads\/2023\/07\/karty-reka-675x1024.jpg\" alt=\"\" class=\"wp-image-209 size-full\" srcset=\"http:\/\/www.kurka-bajdurka.pl\/wp-content\/uploads\/2023\/07\/karty-reka-675x1024.jpg 675w, http:\/\/www.kurka-bajdurka.pl\/wp-content\/uploads\/2023\/07\/karty-reka-198x300.jpg 198w, http:\/\/www.kurka-bajdurka.pl\/wp-content\/uploads\/2023\/07\/karty-reka-768x1164.jpg 768w, http:\/\/www.kurka-bajdurka.pl\/wp-content\/uploads\/2023\/07\/karty-reka-1013x1536.jpg 1013w, http:\/\/www.kurka-bajdurka.pl\/wp-content\/uploads\/2023\/07\/karty-reka-1351x2048.jpg 1351w, http:\/\/www.kurka-bajdurka.pl\/wp-content\/uploads\/2023\/07\/karty-reka-scaled.jpg 1688w\" sizes=\"auto, (max-width: 675px) 100vw, 675px\" \/><\/figure><div class=\"wp-block-media-text__content\">\n<p><\/p>\n\n\n\n<p><strong>Opracowanie:<\/strong>&nbsp;Zuzanna Wi\u015bniowska<\/p>\n\n\n\n<p><strong>Ilustracje:<\/strong>&nbsp;Nikola Hahn<\/p>\n\n\n\n<p><strong>Wydawca:<\/strong>&nbsp;Wydawnictwo Kokino<\/p>\n\n\n\n<p><strong>Data wydania:<\/strong>&nbsp;lipiec 2022<\/p>\n\n\n\n<p>&gt;&gt; Gra wyprodukowana w Polsce.<\/p>\n\n\n\n<p>&gt;&gt; Kupuj\u0105c produkt otrzymasz gr\u0119 w wersji papierowej.<\/p>\n<\/div><\/div>\n\n\n\n<p><\/p>\n\n\n\n<p>Troszczymy si\u0119 o nasz\u0105 planet\u0119, dlatego&nbsp;<strong>\u201eKurka Bajdurka &#8211; memo\u201d<\/strong>&nbsp;nie zawiera dodatkowych, zb\u0119dnych opakowa\u0144. Wszystkie nasze produkty wysy\u0142amy w kartonowych pude\u0142kach zabezpieczonych papierow\u0105 ta\u015bm\u0105 firmow\u0105. Dbajmy razem o \u015brodowisko :)!<\/p>\n","protected":false},"excerpt":{"rendered":"<p>Kooo-, koochani, gotowi na zabaw\u0119? Je\u015bli jeste\u015bcie fanami&nbsp;Kurki Bajdurki, to nie mo\u017cecie przej\u015b\u0107 oboj\u0119tnie obok gry&nbsp;\u201eKurka Bajdurka \u2013 memo\u201d! Mamy dla Was a\u017c&nbsp;32 por\u0119czne karty&nbsp;do gry, kt\u00f3re \u0142\u0105cz\u0105 si\u0119 w&nbsp;16 par&nbsp;opatrzonych cudownymi ilustracjami Nikoli Hahn. To wspania\u0142a gra dla ca\u0142ej rodziny, kt\u00f3ra pomo\u017ce Twojemu dziecku \u0107wiczy\u0107 m.in.: &#8211; pami\u0119\u0107 &#8211; logiczne my\u015blenie &#8211; koncentracj\u0119 Czy&hellip;&nbsp;<a href=\"http:\/\/www.kurka-bajdurka.pl\/index.php\/gra-memory\/\" rel=\"bookmark\">Czytaj dalej &raquo;<span class=\"screen-reader-text\">Gra memory<\/span><\/a><\/p>\n","protected":false},"author":1,"featured_media":153,"parent":0,"menu_order":0,"comment_status":"closed","ping_status":"closed","template":"","meta":{"neve_meta_sidebar":"","neve_meta_container":"","neve_meta_enable_content_width":"","neve_meta_content_width":0,"neve_meta_title_alignment":"","neve_meta_author_avatar":"","neve_post_elements_order":"","neve_meta_disable_header":"off","neve_meta_disable_footer":"","neve_meta_disable_title":"off","_themeisle_gutenberg_block_has_review":false,"footnotes":""},"class_list":["post-200","page","type-page","status-publish","has-post-thumbnail","hentry"],"_links":{"self":[{"href":"http:\/\/www.kurka-bajdurka.pl\/index.php\/wp-json\/wp\/v2\/pages\/200","targetHints":{"allow":["GET"]}}],"collection":[{"href":"http:\/\/www.kurka-bajdurka.pl\/index.php\/wp-json\/wp\/v2\/pages"}],"about":[{"href":"http:\/\/www.kurka-bajdurka.pl\/index.php\/wp-json\/wp\/v2\/types\/page"}],"author":[{"embeddable":true,"href":"http:\/\/www.kurka-bajdurka.pl\/index.php\/wp-json\/wp\/v2\/users\/1"}],"replies":[{"embeddable":true,"href":"http:\/\/www.kurka-bajdurka.pl\/index.php\/wp-json\/wp\/v2\/comments?post=200"}],"version-history":[{"count":9,"href":"http:\/\/www.kurka-bajdurka.pl\/index.php\/wp-json\/wp\/v2\/pages\/200\/revisions"}],"predecessor-version":[{"id":336,"href":"http:\/\/www.kurka-bajdurka.pl\/index.php\/wp-json\/wp\/v2\/pages\/200\/revisions\/336"}],"wp:featuredmedia":[{"embeddable":true,"href":"http:\/\/www.kurka-bajdurka.pl\/index.php\/wp-json\/wp\/v2\/media\/153"}],"wp:attachment":[{"href":"http:\/\/www.kurka-bajdurka.pl\/index.php\/wp-json\/wp\/v2\/media?parent=200"}],"curies":[{"name":"wp","href":"https:\/\/api.w.org\/{rel}","templated":true}]}}