{"id":192,"date":"2023-06-07T10:15:51","date_gmt":"2023-06-07T10:15:51","guid":{"rendered":"http:\/\/www.kurka-bajdurka.pl\/?page_id=192"},"modified":"2023-07-07T10:23:02","modified_gmt":"2023-07-07T10:23:02","slug":"kontakt","status":"publish","type":"page","link":"http:\/\/www.kurka-bajdurka.pl\/index.php\/kontakt\/","title":{"rendered":"Skoo-kooontaktuj si\u0119"},"content":{"rendered":"\n<p>Hej,<\/p>\n\n\n\n<p>je\u015bli chcesz si\u0119 ze mn\u0105 skooo-kooontaktowa\u0107 &#8211; napisz maila:<\/p>\n\n\n\n<p><strong><a href=\"mailto:kontakt@wydawnictwo-kokino.pl\">kontakt@wydawnictwo-kokino.pl<\/a><\/strong><\/p>\n\n\n\n<p>Chcesz nawi\u0105za\u0107 wsp\u00f3\u0142prac\u0119? Napisz na poni\u017cszy mail:<\/p>\n\n\n\n<p><strong><a href=\"mailto:z.wisniowska@wydawnictwo-kokino.pl\">z.wisniowska@wydawnictwo-kokino.pl<\/a><\/strong><\/p>\n\n\n\n<figure class=\"wp-block-image is-resized\"><img loading=\"lazy\" decoding=\"async\" src=\"https:\/\/wydawnictwo-kokino.pl\/userdata\/public\/assets\/\/17_IG.jpg\" alt=\"Kontakt - Kurka Bajdurka - \u015anieg, sanki i... dinozaury\" width=\"226\" height=\"226\"\/><\/figure>\n\n\n\n<div style=\"height:100px\" aria-hidden=\"true\" class=\"wp-block-spacer\"><\/div>\n","protected":false},"excerpt":{"rendered":"<p>Hej, je\u015bli chcesz si\u0119 ze mn\u0105 skooo-kooontaktowa\u0107 &#8211; napisz maila: kontakt@wydawnictwo-kokino.pl Chcesz nawi\u0105za\u0107 wsp\u00f3\u0142prac\u0119? Napisz na poni\u017cszy mail: z.wisniowska@wydawnictwo-kokino.pl<\/p>\n","protected":false},"author":1,"featured_media":148,"parent":0,"menu_order":0,"comment_status":"closed","ping_status":"closed","template":"","meta":{"neve_meta_sidebar":"","neve_meta_container":"","neve_meta_enable_content_width":"","neve_meta_content_width":0,"neve_meta_title_alignment":"","neve_meta_author_avatar":"","neve_post_elements_order":"","neve_meta_disable_header":"","neve_meta_disable_footer":"","neve_meta_disable_title":"","_themeisle_gutenberg_block_has_review":false,"footnotes":""},"class_list":["post-192","page","type-page","status-publish","has-post-thumbnail","hentry"],"_links":{"self":[{"href":"http:\/\/www.kurka-bajdurka.pl\/index.php\/wp-json\/wp\/v2\/pages\/192","targetHints":{"allow":["GET"]}}],"collection":[{"href":"http:\/\/www.kurka-bajdurka.pl\/index.php\/wp-json\/wp\/v2\/pages"}],"about":[{"href":"http:\/\/www.kurka-bajdurka.pl\/index.php\/wp-json\/wp\/v2\/types\/page"}],"author":[{"embeddable":true,"href":"http:\/\/www.kurka-bajdurka.pl\/index.php\/wp-json\/wp\/v2\/users\/1"}],"replies":[{"embeddable":true,"href":"http:\/\/www.kurka-bajdurka.pl\/index.php\/wp-json\/wp\/v2\/comments?post=192"}],"version-history":[{"count":7,"href":"http:\/\/www.kurka-bajdurka.pl\/index.php\/wp-json\/wp\/v2\/pages\/192\/revisions"}],"predecessor-version":[{"id":199,"href":"http:\/\/www.kurka-bajdurka.pl\/index.php\/wp-json\/wp\/v2\/pages\/192\/revisions\/199"}],"wp:featuredmedia":[{"embeddable":true,"href":"http:\/\/www.kurka-bajdurka.pl\/index.php\/wp-json\/wp\/v2\/media\/148"}],"wp:attachment":[{"href":"http:\/\/www.kurka-bajdurka.pl\/index.php\/wp-json\/wp\/v2\/media?parent=192"}],"curies":[{"name":"wp","href":"https:\/\/api.w.org\/{rel}","templated":true}]}}