{"id":137,"date":"2023-07-07T10:15:50","date_gmt":"2023-07-07T10:15:50","guid":{"rendered":"http:\/\/www.kurka-bajdurka.pl\/?page_id=137"},"modified":"2023-07-24T22:16:20","modified_gmt":"2023-07-24T22:16:20","slug":"kurka-bajdurka","status":"publish","type":"page","link":"http:\/\/www.kurka-bajdurka.pl\/index.php\/kurka-bajdurka\/","title":{"rendered":"Kurka Bajdurka"},"content":{"rendered":"\n<div class=\"wp-block-group\"><div class=\"wp-block-group__inner-container is-layout-constrained wp-block-group-is-layout-constrained\">\n<p><\/p>\n\n\n\n<p class=\"has-text-align-center has-large-font-size\"><strong>Kurka Bajdurka<\/strong><\/p>\n\n\n\n<p class=\"has-text-align-center has-neve-link-color-color has-text-color has-medium-font-size\"><strong>ksi\u0105\u017cka idealna do aktywnego czytania z dzieckiem<\/strong><\/p>\n<\/div><\/div>\n\n\n\n<figure class=\"wp-block-embed is-type-video is-provider-youtube wp-block-embed-youtube wp-embed-aspect-16-9 wp-has-aspect-ratio\"><div class=\"wp-block-embed__wrapper\">\n<div class=\"nv-iframe-embed\"><iframe loading=\"lazy\" title=\"Kurka Bajdurka - \u015anieg, sanki i... dinozaury - ksi\u0105\u017cka dla dzieci\" width=\"1200\" height=\"675\" src=\"https:\/\/www.youtube.com\/embed\/iSoHnTJQAUQ?feature=oembed\" frameborder=\"0\" allow=\"accelerometer; autoplay; clipboard-write; encrypted-media; gyroscope; picture-in-picture; web-share\" allowfullscreen><\/iframe><\/div>\n<\/div><\/figure>\n\n\n\n<div style=\"height:100px\" aria-hidden=\"true\" class=\"wp-block-spacer\"><\/div>\n\n\n\n<div class=\"wp-block-media-text alignwide is-stacked-on-mobile\" style=\"grid-template-columns:31% auto\"><figure class=\"wp-block-media-text__media\"><img loading=\"lazy\" decoding=\"async\" width=\"1024\" height=\"1024\" src=\"http:\/\/www.kurka-bajdurka.pl\/wp-content\/uploads\/2023\/07\/Kurka-wiek-1024x1024.png\" alt=\"\" class=\"wp-image-147 size-full\" srcset=\"http:\/\/www.kurka-bajdurka.pl\/wp-content\/uploads\/2023\/07\/Kurka-wiek-1024x1024.png 1024w, http:\/\/www.kurka-bajdurka.pl\/wp-content\/uploads\/2023\/07\/Kurka-wiek-300x300.png 300w, http:\/\/www.kurka-bajdurka.pl\/wp-content\/uploads\/2023\/07\/Kurka-wiek-150x150.png 150w, http:\/\/www.kurka-bajdurka.pl\/wp-content\/uploads\/2023\/07\/Kurka-wiek-768x768.png 768w, http:\/\/www.kurka-bajdurka.pl\/wp-content\/uploads\/2023\/07\/Kurka-wiek.png 1080w\" sizes=\"auto, (max-width: 1024px) 100vw, 1024px\" \/><\/figure><div class=\"wp-block-media-text__content\">\n<p><\/p>\n\n\n\n<p class=\"has-neve-link-color-color has-text-color has-small-font-size\"><strong>\u201eKurka Bajdurka \u2013 \u015anieg, sanki i\u2026 dinozaury\u201d<\/strong><\/p>\n\n\n\n<p class=\"has-nv-dark-bg-color has-text-color\"><strong>O CZYM JEST NASZA KSI\u0104\u017bKA?<\/strong><\/p>\n\n\n\n<p>Wszyscy wiedz\u0105, \u017ce kury to szalone indywidualistki&#8230; A Bajdurka jest jedyna w swoim rodzaju &#8211; uwielbia snu\u0107&nbsp;<strong>niestworzone historie<\/strong>, kt\u00f3rych wys\u0142uchuje z regu\u0142y jej wierny kompan i zarazem najlepszy przyjaciel &#8211; Myszaty. Ta niezwyk\u0142a przyja\u017a\u0144 daje impuls do wielu&nbsp;<strong>zaskakuj\u0105cych przyg\u00f3d<\/strong>, tak jak i tym razem, gdy wsp\u00f3lnie natrafiaj\u0105 na&nbsp;<strong>niecodzienne znalezisko<\/strong>.<\/p>\n\n\n\n<p>\u201eKurka Bajdurka \u2013 \u015anieg, sanki i\u2026 dinozaury\u201d to urocza,&nbsp;<strong>rozbudzaj\u0105ca ciekawo\u015b\u0107 \u015bwiata<\/strong>&nbsp;i niezwykle&nbsp;<strong>anga\u017cuj\u0105ca<\/strong>&nbsp;opowie\u015b\u0107. Z Bajdurk\u0105 i Myszatym dzieci zdobywaj\u0105 cenne informacje o otaczaj\u0105cym nas \u015bwiecie zwierz\u0105t i szukaj\u0105 odpowiedzi na stawiane w ksi\u0105\u017cce pytania. Fabu\u0142a sk\u0142ania tak\u017ce do tworzenia w\u0142asnych opowie\u015bci, pobudzaj\u0105c tym samym dzieci\u0119c\u0105&nbsp;<strong>wyobra\u017ani\u0119<\/strong>.<\/p>\n\n\n\n<p class=\"has-neve-link-hover-color-color has-text-color has-small-font-size\"><strong>Zastanawiasz si\u0119&#8230;<\/strong><\/p>\n\n\n\n<p><strong>DLA KOGO JEST KURKA BAJDURKA?<\/strong><\/p>\n\n\n\n<p>To ksi\u0105\u017cka, kt\u00f3ra fabu\u0142\u0105&nbsp;oraz sposobem prowadzenia narracji zainteresuje zar\u00f3wno&nbsp;<strong>3-latka<\/strong>, jak i nawet<strong>&nbsp;6 i 7-latka<\/strong>. Maluchy uciesz\u0105&nbsp;elementy aktywizuj\u0105ce, jak pukanie do drzwi&nbsp;czy potrz\u0105sanie ksi\u0105\u017ck\u0105. Natomiast starszaki z pewno\u015bci\u0105 zaciekawi w\u0105tek tajemniczego znaleziska.<\/p>\n\n\n\n<p><\/p>\n<\/div><\/div>\n\n\n\n<div class=\"wp-block-media-text alignwide is-stacked-on-mobile\" style=\"grid-template-columns:30% auto\"><figure class=\"wp-block-media-text__media\"><img loading=\"lazy\" decoding=\"async\" width=\"1024\" height=\"1024\" src=\"http:\/\/www.kurka-bajdurka.pl\/wp-content\/uploads\/2023\/07\/3_IG-1024x1024.jpg\" alt=\"\" class=\"wp-image-148 size-full\" srcset=\"http:\/\/www.kurka-bajdurka.pl\/wp-content\/uploads\/2023\/07\/3_IG-1024x1024.jpg 1024w, http:\/\/www.kurka-bajdurka.pl\/wp-content\/uploads\/2023\/07\/3_IG-300x300.jpg 300w, http:\/\/www.kurka-bajdurka.pl\/wp-content\/uploads\/2023\/07\/3_IG-150x150.jpg 150w, http:\/\/www.kurka-bajdurka.pl\/wp-content\/uploads\/2023\/07\/3_IG-768x768.jpg 768w, http:\/\/www.kurka-bajdurka.pl\/wp-content\/uploads\/2023\/07\/3_IG.jpg 1500w\" sizes=\"auto, (max-width: 1024px) 100vw, 1024px\" \/><\/figure><div class=\"wp-block-media-text__content\">\n<p class=\"has-neve-link-hover-color-color has-text-color has-small-font-size\"><strong>Zabawa (z) ksi\u0105\u017ck\u0105<\/strong><\/p>\n\n\n\n<p><strong>AKTYWNE CZYTANIE Z KURK\u0104 BAJDURK\u0104<\/strong><\/p>\n\n\n\n<p>Codzienne, g\u0142o\u015bne czytanie jest niezwykle istotne dla prawid\u0142owego rozwoju Twojego dziecka. Pami\u0119taj r\u00f3wnie\u017c, \u017ce nic nie buduje z nim wi\u0119zi&nbsp;tak, jak wsp\u00f3lnie sp\u0119dzone chwile. Tak\u017ce te przy ksi\u0105\u017cce :).<\/p>\n\n\n\n<p><strong>A czym jest&nbsp;<\/strong><strong>aktywne czytanie?<\/strong><\/p>\n\n\n\n<p>Lubi\u0119 je okre\u015bla\u0107 r\u00f3wnie\u017c jako bliskie, g\u0142o\u015bne i uwa\u017cne. To takie czytanie, kt\u00f3re przede wszystkim sk\u0142ania do pog\u0142\u0119bionych rozm\u00f3w o ksi\u0105\u017cce i \u015bwiecie. Czytanie, kt\u00f3re anga\u017cuje Ciebie i dziecko. Kiedy bawisz si\u0119 tekstem, a dziecko daje si\u0119 wci\u0105gn\u0105\u0107 do wsp\u00f3lnej zabawy.<\/p>\n\n\n\n<p><strong>Kurka Bajdurka<\/strong>&nbsp;idealnie wpisuje si\u0119 w ten spos\u00f3b czytania dzi\u0119ki pytaniom i poleceniom znajduj\u0105cym si\u0119 w jej wn\u0119trzu. Dzi\u0119ki temu \u0142atwiej jest zaanga\u017cowa\u0107 si\u0119 dziecku w fabu\u0142\u0119 i prze\u017cywa\u0107 j\u0105 wci\u0105\u017c na nowo.<\/p>\n<\/div><\/div>\n\n\n\n<p class=\"has-neve-link-hover-color-color has-text-color has-small-font-size\"><strong>Ksi\u0105\u017cka&nbsp;pe\u0142na interakcji<\/strong><\/p>\n\n\n\n<p><strong>W&nbsp;CZYM MO\u017bE CI POM\u00d3C KURKA BAJDURKA<\/strong><\/p>\n\n\n\n<p>\u201eKurka Bajdurka \u2013 \u015anieg, sanki i\u2026 dinozaury\u201d to ksi\u0105\u017cka, kt\u00f3ra zawiera elementy interaktywne, aktywizuj\u0105ce Wasze czytanie. W czym wi\u0119c mo\u017ce Ci pom\u00f3c?<\/p>\n\n\n\n<p>&#8211; W poszerzeniu wiedzy o otaczaj\u0105cym nas \u015bwiecie przyrody.<\/p>\n\n\n\n<p>&#8211; W rozwini\u0119ciu mowy i powi\u0119kszeniu zasobu s\u0142\u00f3w Twojego dziecka.<\/p>\n\n\n\n<p>&#8211; W nauce logicznego my\u015blenia (przyczynowo &#8211; skutkowego).<\/p>\n\n\n\n<p>&#8211; W rozwijaniu wyobra\u017ani.<\/p>\n\n\n\n<p>&#8211; W stworzeniu atmosfery zabawy i blisko\u015bci.<\/p>\n\n\n\n<p>&#8211; W nawi\u0105zaniu i podtrzymaniu wi\u0119zi oraz cudownych relacji z Twoim dzieckiem.<\/p>\n\n\n\n<p>&#8211; W ucieczce przed nud\u0105 :)!<\/p>\n\n\n\n<p>&#8211; W zaspokojeniu podstawowych potrzeb mi\u0142o\u015bci, uwagi i poczucia bezpiecze\u0144stwa Twojego dziecka.<\/p>\n\n\n\n<figure class=\"wp-block-image\"><img decoding=\"async\" src=\"https:\/\/wydawnictwo-kokino.pl\/userdata\/public\/assets\/Landing%20Page\/Bajdurka%20-%20awers%20rewers_ma%C5%82e.jpg\" alt=\"Bajdurka - awers-rewers\"\/><\/figure>\n\n\n\n<p><\/p>\n\n\n\n<p class=\"has-neve-link-hover-color-color has-text-color has-small-font-size\"><strong>W pigu\u0142ce<\/strong><\/p>\n\n\n\n<p><strong>KURKA BAJDURKA TO:<\/strong><\/p>\n\n\n\n<p>&#8211; wci\u0105gaj\u0105ca opowie\u015b\u0107<\/p>\n\n\n\n<p>&#8211; ksi\u0105\u017cka stworzona z dba\u0142o\u015bci\u0105 o warstw\u0119 j\u0119zykow\u0105<\/p>\n\n\n\n<p>&#8211; \u015bwiat pe\u0142en przyg\u00f3d oraz przyrodniczych ciekawostek<\/p>\n\n\n\n<p>&#8211; fabu\u0142a pe\u0142na humoru<\/p>\n\n\n\n<p>&#8211; zabawa dla ca\u0142ej rodziny<\/p>\n\n\n\n<p>&#8211; 36 stron z pi\u0119knymi i oryginalnymi ilustracjami<\/p>\n\n\n\n<p>&#8211; solidna, szyto-klejona oprawa<\/p>\n\n\n\n<p><\/p>\n\n\n\n<p class=\"has-neve-link-hover-color-color has-text-color\"><strong>JAK CZYTA\u0106 KURK\u0118 BAJDURK\u0118?<\/strong><\/p>\n\n\n\n<p>Jak chcecie :)! Bajdurk\u0119 mo\u017cecie czyta\u0107 od&nbsp;<strong>deski do deski<\/strong>,&nbsp;<strong>wspak<\/strong>&nbsp;albo&nbsp;<strong>co drug\u0105 kartk\u0119<\/strong>. Starajcie si\u0119 przede wszystkim reagowa\u0107 na potrzeby dziecka. Je\u015bli ma ochot\u0119 tylko poprzegl\u0105da\u0107 ilustracje \u2013 zr\u00f3bcie to i porozmawiajcie o tym, co si\u0119 na nich dzieje. A mo\u017ce ma ochot\u0119 przystawa\u0107 co chwil\u0119, by zadawa\u0107 Ci ciekawe pytania? \u015awietnie \u2013 potraktuj to jako kolejn\u0105 okazj\u0119 do tego, by wyja\u015bnia\u0107 dziecku \u015bwiat :).<\/p>\n\n\n\n<div class=\"wp-block-media-text alignwide is-stacked-on-mobile\" style=\"grid-template-columns:30% auto\"><figure class=\"wp-block-media-text__media\"><img loading=\"lazy\" decoding=\"async\" width=\"1024\" height=\"1024\" src=\"http:\/\/www.kurka-bajdurka.pl\/wp-content\/uploads\/2023\/07\/SNOW_20220809_112739_565_male-1024x1024.jpg\" alt=\"\" class=\"wp-image-149 size-full\" srcset=\"http:\/\/www.kurka-bajdurka.pl\/wp-content\/uploads\/2023\/07\/SNOW_20220809_112739_565_male-1024x1024.jpg 1024w, http:\/\/www.kurka-bajdurka.pl\/wp-content\/uploads\/2023\/07\/SNOW_20220809_112739_565_male-300x300.jpg 300w, http:\/\/www.kurka-bajdurka.pl\/wp-content\/uploads\/2023\/07\/SNOW_20220809_112739_565_male-150x150.jpg 150w, http:\/\/www.kurka-bajdurka.pl\/wp-content\/uploads\/2023\/07\/SNOW_20220809_112739_565_male-768x768.jpg 768w, http:\/\/www.kurka-bajdurka.pl\/wp-content\/uploads\/2023\/07\/SNOW_20220809_112739_565_male.jpg 1389w\" sizes=\"auto, (max-width: 1024px) 100vw, 1024px\" \/><\/figure><div class=\"wp-block-media-text__content\">\n<p class=\"has-neve-link-hover-color-color has-text-color has-small-font-size\"><strong>S\u0142\u00f3w kilka<\/strong><\/p>\n\n\n\n<p><strong>O&nbsp;AUTORACH<\/strong><\/p>\n\n\n\n<p><strong>Zuzanna Wi\u015bniowska&nbsp;<\/strong>&#8211;&nbsp;to debiutuj\u0105ca autorka ksi\u0105\u017cek dla dzieci. Z wykszta\u0142cenia polonistka. Prywatnie mama dw\u00f3jki dzieci, dla kt\u00f3rych zaj\u0119\u0142a si\u0119 w\u0142a\u015bnie pisaniem. Kocha zwierz\u0119ta i uwielbia z regu\u0142y snu\u0107 o nich niestworzone historie.<\/p>\n\n\n\n<p>&#8222;Kurka Bajdurka &#8211; \u015anieg, sanki i&#8230; dinozaury&#8221;, to jej debiut literacki, kt\u00f3ry ma nadziej\u0119 przerodzi si\u0119 w obszern\u0105 seri\u0119 przyg\u00f3d o szalonej kurce i jej wiernym przyjacielu Myszatym.<\/p>\n\n\n\n<p><a href=\"https:\/\/nikolahahn.com\/\"><strong>Nikola Hahn<\/strong><\/a><strong>&nbsp;<\/strong>&#8211; ilustratorka oraz tw\u00f3rczyni ciekawych projekt\u00f3w graficznych. Z sukcesami projektuje ok\u0142adki bestsellerowych ksi\u0105\u017cek oraz ilustruje ich wn\u0119trza. Tworzy tak\u017ce wzory na przedmioty codziennego u\u017cytku. Lubi wyzwania, a szczeg\u00f3lnie anga\u017cuj\u0105 j\u0105 projekty, w kt\u00f3rych wa\u017cne s\u0105 empatia, r\u00f3wno\u015b\u0107 i zr\u00f3wnowa\u017cony rozw\u00f3j.<\/p>\n\n\n\n<p>&#8222;Kurka Bajdurka &#8211; \u015anieg, sanki i&#8230; dinozaury&#8221;&nbsp;to jej debiut ilustratorski na polu literatury dzieci\u0119cej. Narysowanie bohater\u00f3w oraz zwizualizowanie ich \u015bwiata&nbsp;by\u0142o dla autorki ekscytuj\u0105cym do\u015bwiadczeniem i rozpocz\u0119ciem nowej, wspania\u0142ej przygody z ilustrowaniem ksi\u0105\u017cek dla dzieci.<\/p>\n<\/div><\/div>\n\n\n\n<p><strong>O&nbsp;BOHATERACH<\/strong><\/p>\n\n\n\n<p class=\"has-text-align-left has-neve-link-color-color has-text-color\"><strong>Kurka Bajdurka<\/strong><\/p>\n\n\n\n<div class=\"wp-block-media-text alignwide is-stacked-on-mobile\" style=\"grid-template-columns:31% auto\"><figure class=\"wp-block-media-text__media\"><img loading=\"lazy\" decoding=\"async\" width=\"465\" height=\"462\" src=\"http:\/\/www.kurka-bajdurka.pl\/wp-content\/uploads\/2023\/07\/kurka1.png\" alt=\"\" class=\"wp-image-150 size-full\" srcset=\"http:\/\/www.kurka-bajdurka.pl\/wp-content\/uploads\/2023\/07\/kurka1.png 465w, http:\/\/www.kurka-bajdurka.pl\/wp-content\/uploads\/2023\/07\/kurka1-300x298.png 300w, http:\/\/www.kurka-bajdurka.pl\/wp-content\/uploads\/2023\/07\/kurka1-150x150.png 150w\" sizes=\"auto, (max-width: 465px) 100vw, 465px\" \/><\/figure><div class=\"wp-block-media-text__content\">\n<p>M\u00f3wi\u0105 o mnie, \u017ce jestem rezolutn\u0105&nbsp;<strong>gadu\u0142\u0105<\/strong>&nbsp;<strong>o weso\u0142ym usposobieniu<\/strong>&nbsp;i to chyba prawda, bo zawsze mam co\u015b do powiedzenia \u2013 cho\u0107 nie zawsze m\u0105drego ;). Uwielbiam&nbsp;<strong>czyta\u0107 ksi\u0105\u017cki<\/strong>&nbsp;i pewnie dlatego ju\u017c sporo wiem o \u015bwiecie. Mam w zwyczaju snu\u0107&nbsp;<strong>niestworzone historie<\/strong>, kt\u00f3rych z regu\u0142y wys\u0142uchuje m\u00f3j wierny kompan i zarazem najlepszy przyjaciel &#8211; Myszaty. Musicie te\u017c wiedzie\u0107, \u017ce najbardziej na \u015bwiecie lubi\u0119&nbsp;<strong>podr\u00f3\u017ce<\/strong>. Wcale nie musz\u0105 by\u0107 dalekie! My cz\u0119sto wybieramy si\u0119 np. na pobliskiego \u015anie\u017cnego Brzuchacza, kt\u00f3ry wiosn\u0105, latem i jesieni\u0105 jest po prostu Brzuchaczem ;). Wa\u017cne, by dzieli\u0107 wolne chwile z przyjaci\u00f3\u0142mi, takimi jak Myszaty. Wtedy jest najlepiej i trafiaj\u0105 si\u0119 nam najdziwniejsze&nbsp;<strong>przygody<\/strong>&nbsp;:).<\/p>\n\n\n\n<p>Aaa\u2026 No i da\u0142abym si\u0119 pokroi\u0107 za&nbsp;<strong>herbatniczki<\/strong>! Trzymam je zawsze w szafce r\u00f3wno podzielone w pojemniczkach na trzy pory dnia: poranne (do drugiego \u015bniadania), popo\u0142udniowe (jedzone po obiedzie) i wieczorne (na wieczorne podchrupywanki).<\/p>\n\n\n\n<p>To chyba tyle, a jak chcecie wiedzie\u0107 wi\u0119cej, to koniecznie zajrzyjcie do\u00a0<a href=\"https:\/\/allegro.pl\/oferta\/kurka-bajdurka-snieg-sanki-i-dinozaury-13533931806\" target=\"_blank\" rel=\"noreferrer noopener\"><strong>>>ksi\u0105\u017cki&lt;&lt;<\/strong><\/a>.<\/p>\n<\/div><\/div>\n\n\n\n<p><\/p>\n\n\n\n<p class=\"has-neve-link-color-color has-text-color\"><strong>Myszaty<\/strong><\/p>\n\n\n\n<div class=\"wp-block-media-text alignwide is-stacked-on-mobile\" style=\"grid-template-columns:29% auto\"><figure class=\"wp-block-media-text__media\"><img loading=\"lazy\" decoding=\"async\" width=\"820\" height=\"821\" src=\"http:\/\/www.kurka-bajdurka.pl\/wp-content\/uploads\/2023\/07\/Myszaty.png\" alt=\"\" class=\"wp-image-151 size-full\" srcset=\"http:\/\/www.kurka-bajdurka.pl\/wp-content\/uploads\/2023\/07\/Myszaty.png 820w, http:\/\/www.kurka-bajdurka.pl\/wp-content\/uploads\/2023\/07\/Myszaty-300x300.png 300w, http:\/\/www.kurka-bajdurka.pl\/wp-content\/uploads\/2023\/07\/Myszaty-150x150.png 150w, http:\/\/www.kurka-bajdurka.pl\/wp-content\/uploads\/2023\/07\/Myszaty-768x769.png 768w\" sizes=\"auto, (max-width: 820px) 100vw, 820px\" \/><\/figure><div class=\"wp-block-media-text__content\">\n<p>Mog\u0119 \u015bmia\u0142o o sobie powiedzie\u0107, \u017ce jestem&nbsp;<strong>uroczym lekkoduchem<\/strong>. Myszki ju\u017c tak maj\u0105, \u017ce wszyscy si\u0119 nad nami rozczulaj\u0105. Nie powiem, czasem ten m\u00f3j urok osobisty lubi\u0119 wykorzysta\u0107 :).<\/p>\n\n\n\n<p>Kocham&nbsp;<strong>sport<\/strong>. O ka\u017cdej porze roku w co\u015b gram lub na czym\u015b je\u017cd\u017c\u0119. Zim\u0105 zje\u017cd\u017cam&nbsp;<strong>na sankach<\/strong>, a gdy \u015bnieg stopnieje wsiadam na rower i gram w pi\u0142k\u0119 no\u017cn\u0105. Ju\u017c tak mam, \u017ce musz\u0119 si\u0119 rusza\u0107. Nie usiedz\u0119! No nie potrafi\u0119 :). Najch\u0119tniej to zawsze bym si\u0119 z kim\u015b&nbsp;<strong>\u015bciga\u0142<\/strong>&nbsp;:), np. z&nbsp;<strong>Bajdurk\u0105<\/strong>, bo z ni\u0105 zawsze wygrywam :D! Lubi\u0119 te\u017c&nbsp;<strong>psoci\u0107<\/strong>. Ale przyznajcie &#8211; bez \u017cart\u00f3w \u015bwiat by\u0142by zdecydowanie zbyt nudny!<\/p>\n\n\n\n<p>Nie wiem jak to si\u0119 dzieje, ale z Bajdurk\u0105 zawsze co\u015b si\u0119 nam przytrafia. Mamy z regu\u0142y szalone przygody. G\u0142\u00f3wnie przez to, \u017ce ona uwielbia opowiada\u0107 historie i doszukiwa\u0107 si\u0119 tego, czego nie ma\u2026 Ale dzi\u0119ki temu \u015bwietnie si\u0119\u00a0<strong>bawimy<\/strong>\u00a0i przy okazji czego\u015b si\u0119 dowiadujemy, jak na przyk\u0142ad wtedy gdy znale\u017ali\u015bmy jajo dino\u2026, no prawie\u2026 yyy\u2026 ale to znajdziecie w naszej\u00a0<strong><a href=\"https:\/\/allegro.pl\/oferta\/kurka-bajdurka-snieg-sanki-i-dinozaury-13533931806\" target=\"_blank\" rel=\"noreferrer noopener\">ksi\u0105\u017cce<\/a><\/strong>, do kt\u00f3rej przeczytania bardzo Was zach\u0119cam :).<\/p>\n<\/div><\/div>\n\n\n\n<p><strong>OPINIE CZYTELNIK\u00d3W<\/strong><\/p>\n\n\n\n<div class=\"wp-block-columns is-layout-flex wp-container-core-columns-is-layout-9d6595d7 wp-block-columns-is-layout-flex\">\n<div class=\"wp-block-column is-layout-flow wp-block-column-is-layout-flow\">\n<figure class=\"wp-block-image is-resized\"><img loading=\"lazy\" decoding=\"async\" src=\"https:\/\/wydawnictwo-kokino.pl\/userdata\/public\/assets\/Cytaty%20-%20opinie\/Ewa%20-%20opinia.png\" alt=\"Ewka R - opinia\" width=\"413\" height=\"413\"\/><\/figure>\n<\/div>\n\n\n\n<div class=\"wp-block-column is-layout-flow wp-block-column-is-layout-flow\">\n<figure class=\"wp-block-image is-resized\"><img loading=\"lazy\" decoding=\"async\" src=\"https:\/\/wydawnictwo-kokino.pl\/userdata\/public\/assets\/Cytaty%20-%20opinie\/Ewka%20R%20-%20opinia.png\" alt=\"Ewa - opinia\" width=\"415\" height=\"415\"\/><\/figure>\n<\/div>\n<\/div>\n\n\n\n<div class=\"wp-block-columns is-layout-flex wp-container-core-columns-is-layout-9d6595d7 wp-block-columns-is-layout-flex\">\n<div class=\"wp-block-column is-layout-flow wp-block-column-is-layout-flow\">\n<figure class=\"wp-block-image is-resized\"><img loading=\"lazy\" decoding=\"async\" src=\"https:\/\/wydawnictwo-kokino.pl\/userdata\/public\/assets\/Cytaty%20-%20opinie\/Ania%20-%20opinia.png\" alt=\"Ania - opinia\" width=\"411\" height=\"411\"\/><\/figure>\n<\/div>\n\n\n\n<div class=\"wp-block-column is-layout-flow wp-block-column-is-layout-flow\">\n<figure class=\"wp-block-image is-resized\"><img loading=\"lazy\" decoding=\"async\" src=\"https:\/\/wydawnictwo-kokino.pl\/userdata\/public\/assets\/Cytaty%20-%20opinie\/Basik%20i%20Zuzik%20-%20opinia.png\" alt=\"Basik i Zuzik - opinia\" width=\"409\" height=\"409\"\/><\/figure>\n<\/div>\n<\/div>\n\n\n\n<div class=\"wp-block-columns is-layout-flex wp-container-core-columns-is-layout-9d6595d7 wp-block-columns-is-layout-flex\">\n<div class=\"wp-block-column is-layout-flow wp-block-column-is-layout-flow\">\n<figure class=\"wp-block-image is-resized\"><img loading=\"lazy\" decoding=\"async\" src=\"https:\/\/wydawnictwo-kokino.pl\/userdata\/public\/assets\/Cytaty%20-%20opinie\/Beata%20-%20opinia.png\" alt=\"Beata - opinia\" width=\"408\" height=\"408\"\/><\/figure>\n<\/div>\n\n\n\n<div class=\"wp-block-column is-layout-flow wp-block-column-is-layout-flow\">\n<figure class=\"wp-block-image is-resized\"><img loading=\"lazy\" decoding=\"async\" src=\"https:\/\/wydawnictwo-kokino.pl\/userdata\/public\/assets\/Cytaty%20-%20opinie\/Sylwia%20-%20opinia.png\" alt=\"Sylwia - opinia\" width=\"408\" height=\"408\"\/><\/figure>\n<\/div>\n<\/div>\n\n\n\n<div class=\"wp-block-media-text alignwide is-stacked-on-mobile\" style=\"grid-template-columns:25% auto\"><figure class=\"wp-block-media-text__media\"><img loading=\"lazy\" decoding=\"async\" width=\"718\" height=\"996\" src=\"http:\/\/www.kurka-bajdurka.pl\/wp-content\/uploads\/2023\/07\/Bajdurka-Przycieta.jpg\" alt=\"\" class=\"wp-image-152 size-full\" srcset=\"http:\/\/www.kurka-bajdurka.pl\/wp-content\/uploads\/2023\/07\/Bajdurka-Przycieta.jpg 718w, http:\/\/www.kurka-bajdurka.pl\/wp-content\/uploads\/2023\/07\/Bajdurka-Przycieta-216x300.jpg 216w\" sizes=\"auto, (max-width: 718px) 100vw, 718px\" \/><\/figure><div class=\"wp-block-media-text__content\">\n<p class=\"has-neve-link-color-color has-text-color has-small-font-size\"><strong>Zabierz dziecko w \u015bwiat fantazji i dobrej zabawy<\/strong><\/p>\n\n\n\n<p><strong>KURKA BAJDURKA TO \u015aWIETNY POMYS\u0141 NA PREZENT!<\/strong><\/p>\n\n\n\n<p>Kurka Bajdurka to cudowna towarzyszka dzieci\u0119cych przyg\u00f3d.<\/p>\n\n\n\n<p>Je\u015bli wi\u0119c szukasz wyj\u0105tkowej i nietuzinkowej propozycji dla dziecka, to kooo-koooniecznie si\u0119gnij po \u201eKurk\u0119 Bajdurk\u0119 \u2013 \u015anieg, sanki i\u2026 dinozaury\u201d. To ksi\u0105\u017cka, do kt\u00f3rej dzieci uwielbiaj\u0105 wraca\u0107 i prze\u017cywa\u0107 wci\u0105\u017c na nowo niesamowit\u0105 przygod\u0119 dwojga przyjaci\u00f3\u0142.<\/p>\n\n\n\n<p><\/p>\n<\/div><\/div>\n\n\n\n<div class=\"wp-block-media-text alignwide has-media-on-the-right is-stacked-on-mobile\" style=\"grid-template-columns:auto 36%\"><div class=\"wp-block-media-text__content\">\n<p><\/p>\n\n\n\n<p class=\"has-neve-link-hover-color-color has-text-color has-small-font-size\"><strong>Ale to nie wszystko!<\/strong><\/p>\n\n\n\n<p><strong>CHCESZ WI\u0118CEJ?<\/strong><\/p>\n\n\n\n<p>Dla prawdziwych mi\u0142o\u015bnik\u00f3w Kurki Bajdurki mamy co\u015b jeszcze &#8211; gr\u0119 memory dla ca\u0142ej rodziny! Z Bajdurk\u0105 nie ma nudy :).<\/p>\n\n\n\n<p><strong><a href=\"http:\/\/www.kurka-bajdurka.pl\/index.php\/gra-memory\/\" target=\"_blank\" rel=\"noreferrer noopener\">Kurka Bajdurka &#8211; memo<\/a><\/strong><\/p>\n\n\n\n<p><strong>Bawcie si\u0119 a\u017c na 3 r\u00f3\u017cne sposoby!<\/strong><\/p>\n\n\n\n<p><strong>Odszukajcie pary<\/strong>&nbsp;&#8211; klasyka memory :).&nbsp;<\/p>\n\n\n\n<p><strong>Znajd\u017acie r\u00f3\u017cnic\u0119<\/strong>&nbsp;&#8211; w\u015br\u00f3d par s\u0105 ukryte r\u00f3\u017cnice (po jednym szczeg\u00f3le na par\u0119). Zdo\u0142acie je odnale\u017a\u0107 :)?&nbsp;<\/p>\n\n\n\n<p><strong>U\u0142\u00f3\u017ccie historyjk\u0119<\/strong>&nbsp;&#8211; rozwijaj u dziecka&nbsp;umiej\u0119tno\u015b\u0107 opowiadania&nbsp;(relacje przyczyna &#8211; skutek oraz kolejno\u015b\u0107 wydarze\u0144).<\/p>\n<\/div><figure class=\"wp-block-media-text__media\"><img loading=\"lazy\" decoding=\"async\" width=\"1024\" height=\"986\" src=\"http:\/\/www.kurka-bajdurka.pl\/wp-content\/uploads\/2023\/07\/karty-reka_memory_kwadrat-1024x986.jpg\" alt=\"\" class=\"wp-image-153 size-full\" srcset=\"http:\/\/www.kurka-bajdurka.pl\/wp-content\/uploads\/2023\/07\/karty-reka_memory_kwadrat-1024x986.jpg 1024w, http:\/\/www.kurka-bajdurka.pl\/wp-content\/uploads\/2023\/07\/karty-reka_memory_kwadrat-300x289.jpg 300w, http:\/\/www.kurka-bajdurka.pl\/wp-content\/uploads\/2023\/07\/karty-reka_memory_kwadrat-768x739.jpg 768w, http:\/\/www.kurka-bajdurka.pl\/wp-content\/uploads\/2023\/07\/karty-reka_memory_kwadrat-1536x1479.jpg 1536w, http:\/\/www.kurka-bajdurka.pl\/wp-content\/uploads\/2023\/07\/karty-reka_memory_kwadrat.jpg 1846w\" sizes=\"auto, (max-width: 1024px) 100vw, 1024px\" \/><\/figure><\/div>\n\n\n\n<p><a href=\"https:\/\/wydawnictwo-kokino.pl\/Zestaw_gra_memo_ksiazka_kartka\" target=\"_blank\" rel=\"noreferrer noopener\"><\/a><\/p>\n\n\n\n<p><a href=\"https:\/\/wydawnictwo-kokino.pl\/Zestaw_ksiazka_gra_audiobook\" target=\"_blank\" rel=\"noreferrer noopener\"><\/a><\/p>\n","protected":false},"excerpt":{"rendered":"<p>Kurka Bajdurka ksi\u0105\u017cka idealna do aktywnego czytania z dzieckiem \u201eKurka Bajdurka \u2013 \u015anieg, sanki i\u2026 dinozaury\u201d O CZYM JEST NASZA KSI\u0104\u017bKA? Wszyscy wiedz\u0105, \u017ce kury to szalone indywidualistki&#8230; A Bajdurka jest jedyna w swoim rodzaju &#8211; uwielbia snu\u0107&nbsp;niestworzone historie, kt\u00f3rych wys\u0142uchuje z regu\u0142y jej wierny kompan i zarazem najlepszy przyjaciel &#8211; Myszaty. Ta niezwyk\u0142a przyja\u017a\u0144&hellip;&nbsp;<a href=\"http:\/\/www.kurka-bajdurka.pl\/index.php\/kurka-bajdurka\/\" rel=\"bookmark\">Czytaj dalej &raquo;<span class=\"screen-reader-text\">Kurka Bajdurka<\/span><\/a><\/p>\n","protected":false},"author":1,"featured_media":340,"parent":0,"menu_order":0,"comment_status":"closed","ping_status":"closed","template":"","meta":{"neve_meta_sidebar":"","neve_meta_container":"","neve_meta_enable_content_width":"","neve_meta_content_width":0,"neve_meta_title_alignment":"","neve_meta_author_avatar":"","neve_post_elements_order":"","neve_meta_disable_header":"","neve_meta_disable_footer":"","neve_meta_disable_title":"","_themeisle_gutenberg_block_has_review":false,"footnotes":""},"class_list":["post-137","page","type-page","status-publish","has-post-thumbnail","hentry"],"_links":{"self":[{"href":"http:\/\/www.kurka-bajdurka.pl\/index.php\/wp-json\/wp\/v2\/pages\/137","targetHints":{"allow":["GET"]}}],"collection":[{"href":"http:\/\/www.kurka-bajdurka.pl\/index.php\/wp-json\/wp\/v2\/pages"}],"about":[{"href":"http:\/\/www.kurka-bajdurka.pl\/index.php\/wp-json\/wp\/v2\/types\/page"}],"author":[{"embeddable":true,"href":"http:\/\/www.kurka-bajdurka.pl\/index.php\/wp-json\/wp\/v2\/users\/1"}],"replies":[{"embeddable":true,"href":"http:\/\/www.kurka-bajdurka.pl\/index.php\/wp-json\/wp\/v2\/comments?post=137"}],"version-history":[{"count":19,"href":"http:\/\/www.kurka-bajdurka.pl\/index.php\/wp-json\/wp\/v2\/pages\/137\/revisions"}],"predecessor-version":[{"id":491,"href":"http:\/\/www.kurka-bajdurka.pl\/index.php\/wp-json\/wp\/v2\/pages\/137\/revisions\/491"}],"wp:featuredmedia":[{"embeddable":true,"href":"http:\/\/www.kurka-bajdurka.pl\/index.php\/wp-json\/wp\/v2\/media\/340"}],"wp:attachment":[{"href":"http:\/\/www.kurka-bajdurka.pl\/index.php\/wp-json\/wp\/v2\/media?parent=137"}],"curies":[{"name":"wp","href":"https:\/\/api.w.org\/{rel}","templated":true}]}}