{"id":113,"date":"2023-07-04T10:53:10","date_gmt":"2023-07-04T10:53:10","guid":{"rendered":"http:\/\/www.kurka-bajdurka.pl\/?page_id=113"},"modified":"2023-07-04T10:59:55","modified_gmt":"2023-07-04T10:59:55","slug":"lamiglowki","status":"publish","type":"page","link":"http:\/\/www.kurka-bajdurka.pl\/index.php\/lamiglowki\/","title":{"rendered":"\u0141amiG\u0141\u00d3WKI"},"content":{"rendered":"\n<p><\/p>\n\n\n\n<div class=\"wp-block-media-text alignwide is-stacked-on-mobile\"><figure class=\"wp-block-media-text__media\"><img loading=\"lazy\" decoding=\"async\" width=\"467\" height=\"468\" src=\"http:\/\/www.kurka-bajdurka.pl\/wp-content\/uploads\/2023\/07\/madrala.png\" alt=\"\" class=\"wp-image-114 size-full\" srcset=\"http:\/\/www.kurka-bajdurka.pl\/wp-content\/uploads\/2023\/07\/madrala.png 467w, http:\/\/www.kurka-bajdurka.pl\/wp-content\/uploads\/2023\/07\/madrala-300x300.png 300w, http:\/\/www.kurka-bajdurka.pl\/wp-content\/uploads\/2023\/07\/madrala-150x150.png 150w\" sizes=\"auto, (max-width: 467px) 100vw, 467px\" \/><\/figure><div class=\"wp-block-media-text__content\">\n<p>Bajdurka i Myszaty uwielbiaj\u0105 rozwi\u0105zywa\u0107 zagadki :). Czasem wybieraj\u0105 si\u0119 na ich specjalne poszukiwania, a czasem po prostu wymy\u015blaj\u0105 je sami. Tym razem przygotowali co\u015b specjalnie dla Was.<\/p>\n\n\n\n<p>Oto kilka zada\u0144, dzi\u0119ki kt\u00f3rym sprawdzicie swoj\u0105:<\/p>\n\n\n\n<p><strong>-&gt;<\/strong>&nbsp;<strong>koncentracj\u0119<\/strong>,<\/p>\n\n\n\n<p><strong>-&gt;&nbsp;spostrzegawczo\u015b\u0107<\/strong><\/p>\n\n\n\n<p><strong>-&gt;&nbsp;i umiej\u0119tno\u015b\u0107 logicznego my\u015blenia<\/strong>.<\/p>\n\n\n\n<p>Kto zdob\u0119dzie tytu\u0142 Mistrza\u00a0<strong>BYSTREoczko<\/strong>? Si\u0105d\u017acie do zada\u0144 i zmierzcie si\u0119 w tym pojedynku :). Kto szybciej je rozwi\u0105\u017ce?\u00a0<strong>CZAS, START!<\/strong><\/p>\n\n\n\n<p>A tych, kt\u00f3rzy lubi\u0105 intelektualnie si\u0119 pojedynkowa\u0107 zapraszamy do zak\u0142adki z nasz\u0105 gr\u0105 memory \u2013\u00a0<a rel=\"noreferrer noopener\" href=\"https:\/\/wydawnictwo-kokino.pl\/Kurka_Bajdurka_memo\" target=\"_blank\">\u201eKurka Bajdurka \u2013 memo\u201d<\/a>.<\/p>\n<\/div><\/div>\n\n\n\n<div style=\"height:100px\" aria-hidden=\"true\" class=\"wp-block-spacer\"><\/div>\n\n\n\n<div class=\"wp-block-columns is-layout-flex wp-container-core-columns-is-layout-9d6595d7 wp-block-columns-is-layout-flex\">\n<div class=\"wp-block-column is-layout-flow wp-block-column-is-layout-flow\">\n<figure class=\"wp-block-image size-large\"><img loading=\"lazy\" decoding=\"async\" width=\"1024\" height=\"724\" src=\"http:\/\/www.kurka-bajdurka.pl\/wp-content\/uploads\/2023\/07\/Rozsypane-literki-LamiGLOWKI-1-1024x724.png\" alt=\"\" class=\"wp-image-129\" srcset=\"http:\/\/www.kurka-bajdurka.pl\/wp-content\/uploads\/2023\/07\/Rozsypane-literki-LamiGLOWKI-1-1024x724.png 1024w, http:\/\/www.kurka-bajdurka.pl\/wp-content\/uploads\/2023\/07\/Rozsypane-literki-LamiGLOWKI-1-300x212.png 300w, http:\/\/www.kurka-bajdurka.pl\/wp-content\/uploads\/2023\/07\/Rozsypane-literki-LamiGLOWKI-1-768x543.png 768w, http:\/\/www.kurka-bajdurka.pl\/wp-content\/uploads\/2023\/07\/Rozsypane-literki-LamiGLOWKI-1-1536x1086.png 1536w, http:\/\/www.kurka-bajdurka.pl\/wp-content\/uploads\/2023\/07\/Rozsypane-literki-LamiGLOWKI-1.png 2000w\" sizes=\"auto, (max-width: 1024px) 100vw, 1024px\" \/><\/figure>\n\n\n\n<div class=\"wp-block-file aligncenter\"><a id=\"wp-block-file--media-6630645d-9351-4869-a8ca-5952abbef683\" href=\"http:\/\/www.kurka-bajdurka.pl\/wp-content\/uploads\/2023\/07\/Rozsypane-literki-LamiGLOWKI.png\">Rozsypane-literki-LamiGLOWKI<\/a><a href=\"http:\/\/www.kurka-bajdurka.pl\/wp-content\/uploads\/2023\/07\/Rozsypane-literki-LamiGLOWKI.png\" class=\"wp-block-file__button wp-element-button\" download aria-describedby=\"wp-block-file--media-6630645d-9351-4869-a8ca-5952abbef683\">Pobierz<\/a><\/div>\n\n\n\n<p><\/p>\n<\/div>\n\n\n\n<div class=\"wp-block-column is-layout-flow wp-block-column-is-layout-flow\">\n<figure class=\"wp-block-image size-large\"><img loading=\"lazy\" decoding=\"async\" width=\"1024\" height=\"724\" src=\"http:\/\/www.kurka-bajdurka.pl\/wp-content\/uploads\/2023\/07\/Uzupelnij-wzor-LamiGLOWKI-1-1024x724.png\" alt=\"\" class=\"wp-image-130\" srcset=\"http:\/\/www.kurka-bajdurka.pl\/wp-content\/uploads\/2023\/07\/Uzupelnij-wzor-LamiGLOWKI-1-1024x724.png 1024w, http:\/\/www.kurka-bajdurka.pl\/wp-content\/uploads\/2023\/07\/Uzupelnij-wzor-LamiGLOWKI-1-300x212.png 300w, http:\/\/www.kurka-bajdurka.pl\/wp-content\/uploads\/2023\/07\/Uzupelnij-wzor-LamiGLOWKI-1-768x543.png 768w, http:\/\/www.kurka-bajdurka.pl\/wp-content\/uploads\/2023\/07\/Uzupelnij-wzor-LamiGLOWKI-1-1536x1086.png 1536w, http:\/\/www.kurka-bajdurka.pl\/wp-content\/uploads\/2023\/07\/Uzupelnij-wzor-LamiGLOWKI-1.png 2000w\" sizes=\"auto, (max-width: 1024px) 100vw, 1024px\" \/><\/figure>\n\n\n\n<div class=\"wp-block-file aligncenter\"><a id=\"wp-block-file--media-230f7f1b-e025-4618-adb4-e7403268bbfe\" href=\"http:\/\/www.kurka-bajdurka.pl\/wp-content\/uploads\/2023\/07\/Uzupelnij-wzor-LamiGLOWKI.png\">Uzupelnij-wzor-LamiGLOWKI<\/a><a href=\"http:\/\/www.kurka-bajdurka.pl\/wp-content\/uploads\/2023\/07\/Uzupelnij-wzor-LamiGLOWKI.png\" class=\"wp-block-file__button wp-element-button\" download aria-describedby=\"wp-block-file--media-230f7f1b-e025-4618-adb4-e7403268bbfe\">Pobierz<\/a><\/div>\n\n\n\n<p><\/p>\n<\/div>\n\n\n\n<div class=\"wp-block-column is-layout-flow wp-block-column-is-layout-flow\">\n<figure class=\"wp-block-image size-large\"><img loading=\"lazy\" decoding=\"async\" width=\"1024\" height=\"724\" src=\"http:\/\/www.kurka-bajdurka.pl\/wp-content\/uploads\/2023\/07\/Ukryte-haslo-LamiGLOWKI-1-1024x724.png\" alt=\"\" class=\"wp-image-132\" srcset=\"http:\/\/www.kurka-bajdurka.pl\/wp-content\/uploads\/2023\/07\/Ukryte-haslo-LamiGLOWKI-1-1024x724.png 1024w, http:\/\/www.kurka-bajdurka.pl\/wp-content\/uploads\/2023\/07\/Ukryte-haslo-LamiGLOWKI-1-300x212.png 300w, http:\/\/www.kurka-bajdurka.pl\/wp-content\/uploads\/2023\/07\/Ukryte-haslo-LamiGLOWKI-1-768x543.png 768w, http:\/\/www.kurka-bajdurka.pl\/wp-content\/uploads\/2023\/07\/Ukryte-haslo-LamiGLOWKI-1-1536x1086.png 1536w, http:\/\/www.kurka-bajdurka.pl\/wp-content\/uploads\/2023\/07\/Ukryte-haslo-LamiGLOWKI-1.png 2000w\" sizes=\"auto, (max-width: 1024px) 100vw, 1024px\" \/><\/figure>\n\n\n\n<div class=\"wp-block-file aligncenter\"><a id=\"wp-block-file--media-0e0c9cc4-4757-4646-863a-7fc17f9ccf3f\" href=\"http:\/\/www.kurka-bajdurka.pl\/wp-content\/uploads\/2023\/07\/Ukryte-haslo-LamiGLOWKI.png\">Ukryte-haslo-LamiGLOWKI<\/a><a href=\"http:\/\/www.kurka-bajdurka.pl\/wp-content\/uploads\/2023\/07\/Ukryte-haslo-LamiGLOWKI.png\" class=\"wp-block-file__button wp-element-button\" download aria-describedby=\"wp-block-file--media-0e0c9cc4-4757-4646-863a-7fc17f9ccf3f\">Pobierz<\/a><\/div>\n\n\n\n<p><\/p>\n<\/div>\n<\/div>\n","protected":false},"excerpt":{"rendered":"<p>Bajdurka i Myszaty uwielbiaj\u0105 rozwi\u0105zywa\u0107 zagadki :). Czasem wybieraj\u0105 si\u0119 na ich specjalne poszukiwania, a czasem po prostu wymy\u015blaj\u0105 je sami. Tym razem przygotowali co\u015b specjalnie dla Was. Oto kilka zada\u0144, dzi\u0119ki kt\u00f3rym sprawdzicie swoj\u0105: -&gt;&nbsp;koncentracj\u0119, -&gt;&nbsp;spostrzegawczo\u015b\u0107 -&gt;&nbsp;i umiej\u0119tno\u015b\u0107 logicznego my\u015blenia. Kto zdob\u0119dzie tytu\u0142 Mistrza\u00a0BYSTREoczko? Si\u0105d\u017acie do zada\u0144 i zmierzcie si\u0119 w tym pojedynku :).&hellip;&nbsp;<a href=\"http:\/\/www.kurka-bajdurka.pl\/index.php\/lamiglowki\/\" rel=\"bookmark\">Czytaj dalej &raquo;<span class=\"screen-reader-text\">\u0141amiG\u0141\u00d3WKI<\/span><\/a><\/p>\n","protected":false},"author":1,"featured_media":0,"parent":0,"menu_order":0,"comment_status":"closed","ping_status":"closed","template":"","meta":{"neve_meta_sidebar":"","neve_meta_container":"","neve_meta_enable_content_width":"","neve_meta_content_width":0,"neve_meta_title_alignment":"","neve_meta_author_avatar":"","neve_post_elements_order":"","neve_meta_disable_header":"","neve_meta_disable_footer":"","neve_meta_disable_title":"","_themeisle_gutenberg_block_has_review":false,"footnotes":""},"class_list":["post-113","page","type-page","status-publish","hentry"],"_links":{"self":[{"href":"http:\/\/www.kurka-bajdurka.pl\/index.php\/wp-json\/wp\/v2\/pages\/113","targetHints":{"allow":["GET"]}}],"collection":[{"href":"http:\/\/www.kurka-bajdurka.pl\/index.php\/wp-json\/wp\/v2\/pages"}],"about":[{"href":"http:\/\/www.kurka-bajdurka.pl\/index.php\/wp-json\/wp\/v2\/types\/page"}],"author":[{"embeddable":true,"href":"http:\/\/www.kurka-bajdurka.pl\/index.php\/wp-json\/wp\/v2\/users\/1"}],"replies":[{"embeddable":true,"href":"http:\/\/www.kurka-bajdurka.pl\/index.php\/wp-json\/wp\/v2\/comments?post=113"}],"version-history":[{"count":7,"href":"http:\/\/www.kurka-bajdurka.pl\/index.php\/wp-json\/wp\/v2\/pages\/113\/revisions"}],"predecessor-version":[{"id":135,"href":"http:\/\/www.kurka-bajdurka.pl\/index.php\/wp-json\/wp\/v2\/pages\/113\/revisions\/135"}],"wp:attachment":[{"href":"http:\/\/www.kurka-bajdurka.pl\/index.php\/wp-json\/wp\/v2\/media?parent=113"}],"curies":[{"name":"wp","href":"https:\/\/api.w.org\/{rel}","templated":true}]}}